{"id":30,"date":"2023-09-03T13:28:18","date_gmt":"2023-09-03T11:28:18","guid":{"rendered":"https:\/\/geschenk-truhe.com\/?page_id=30"},"modified":"2023-10-09T10:38:24","modified_gmt":"2023-10-09T08:38:24","slug":"wir","status":"publish","type":"page","link":"https:\/\/geschenk-truhe.com\/index.php\/wir\/","title":{"rendered":"\u00dcber uns"},"content":{"rendered":"<p><img loading=\"lazy\" decoding=\"async\" class=\"alignnone size-medium wp-image-167\" style=\"display: block; float: left; margin-right: 30px;\" src=\"https:\/\/www.geschenk-truhe.com\/wp-content\/uploads\/2023\/10\/Normalno-300x225.jpg\" alt=\"\" width=\"300\" height=\"225\" srcset=\"https:\/\/geschenk-truhe.com\/wp-content\/uploads\/2023\/10\/Normalno-300x225.jpg 300w, https:\/\/geschenk-truhe.com\/wp-content\/uploads\/2023\/10\/Normalno-1024x769.jpg 1024w, https:\/\/geschenk-truhe.com\/wp-content\/uploads\/2023\/10\/Normalno-768x577.jpg 768w, https:\/\/geschenk-truhe.com\/wp-content\/uploads\/2023\/10\/Normalno-1536x1154.jpg 1536w, https:\/\/geschenk-truhe.com\/wp-content\/uploads\/2023\/10\/Normalno-16x12.jpg 16w, https:\/\/geschenk-truhe.com\/wp-content\/uploads\/2023\/10\/Normalno-380x285.jpg 380w, https:\/\/geschenk-truhe.com\/wp-content\/uploads\/2023\/10\/Normalno-285x214.jpg 285w, https:\/\/geschenk-truhe.com\/wp-content\/uploads\/2023\/10\/Normalno-1320x992.jpg 1320w, https:\/\/geschenk-truhe.com\/wp-content\/uploads\/2023\/10\/Normalno-600x451.jpg 600w, https:\/\/geschenk-truhe.com\/wp-content\/uploads\/2023\/10\/Normalno.jpg 1600w\" sizes=\"auto, (max-width: 300px) 100vw, 300px\" \/><\/p>\n<p style=\"text-align: left;\">Hinter der Geschenk-Truhe stecken Elma und Ashraf, ein junges Ehepaar aus Oberbayern. Die Liebe zu Geschenken hat uns motiviert, die Geschenk-Truhe ins Leben zu rufen. Dabei handelt es sich um einen Online-Shop, in dem vor Allem handgefertigte Geschenke angeboten werden. Die einzelnen handgemachten Produkte sind Unikate, die sich beim besten Willen weder wiederholen wollen, noch sollen.<\/p>\n<p style=\"text-align: left;\">In die Erarbeitung unserer Angebote stecken wir viel Liebe, \u00dcberlegung, Zeit und Kreativit\u00e4t, damit sie von Ihnen genauso empfunden werden. Denn bei uns sollen Sie ein Einkaufserlebnis der besonderen Art haben!<\/p>\n<p style=\"text-align: left;\">St\u00f6bern Sie einfach mal durch unsere Geschenk-Truhe durch, denn darin befinden sich nur Produkte, die wir selber gerne schenken oder geschenkt bekommen wollen. Einige der Produkte lassen sich zus\u00e4tzlich individualisieren, damit Sie ein ganz besonderes Geschenk verschenken k\u00f6nnen und Ihrer Lieblingsperson damit zeigen k\u00f6nnen, wie besonders sie in Ihrem Leben ist.<\/p>\n<p style=\"text-align: left; display: block; float: left;\">Falls Sie Kommentare oder Vorschl\u00e4ge zu unseren Produkten oder Ihren Eink\u00e4ufen bei uns haben, dann kontaktieren Sie uns einfach \u00fcber das Kontaktformular und wir werden uns so schnell wie m\u00f6glich mit Ihnen in Verbindung setzen.<\/p>\n","protected":false},"excerpt":{"rendered":"<p>Hinter der Geschenk-Truhe stecken Elma und Ashraf, ein junges Ehepaar aus Oberbayern. Die Liebe zu Geschenken hat uns motiviert, die Geschenk-Truhe ins Leben zu rufen. Dabei handelt es sich um einen Online-Shop, in dem vor Allem handgefertigte Geschenke angeboten werden. Die einzelnen handgemachten Produkte sind Unikate, die sich beim besten Willen weder wiederholen wollen, noch&hellip;<\/p>\n<p class=\"more-link\"><a href=\"https:\/\/geschenk-truhe.com\/index.php\/wir\/\" class=\"themebutton\">Read More<\/a><\/p>\n","protected":false},"author":1,"featured_media":167,"parent":0,"menu_order":0,"comment_status":"closed","ping_status":"closed","template":"","meta":{"_sitemap_exclude":false,"_sitemap_priority":"","_sitemap_frequency":"","footnotes":""},"categories":[],"tags":[],"class_list":["post-30","page","type-page","status-publish","has-post-thumbnail","hentry"],"_links":{"self":[{"href":"https:\/\/geschenk-truhe.com\/index.php\/wp-json\/wp\/v2\/pages\/30","targetHints":{"allow":["GET"]}}],"collection":[{"href":"https:\/\/geschenk-truhe.com\/index.php\/wp-json\/wp\/v2\/pages"}],"about":[{"href":"https:\/\/geschenk-truhe.com\/index.php\/wp-json\/wp\/v2\/types\/page"}],"author":[{"embeddable":true,"href":"https:\/\/geschenk-truhe.com\/index.php\/wp-json\/wp\/v2\/users\/1"}],"replies":[{"embeddable":true,"href":"https:\/\/geschenk-truhe.com\/index.php\/wp-json\/wp\/v2\/comments?post=30"}],"version-history":[{"count":27,"href":"https:\/\/geschenk-truhe.com\/index.php\/wp-json\/wp\/v2\/pages\/30\/revisions"}],"predecessor-version":[{"id":183,"href":"https:\/\/geschenk-truhe.com\/index.php\/wp-json\/wp\/v2\/pages\/30\/revisions\/183"}],"wp:featuredmedia":[{"embeddable":true,"href":"https:\/\/geschenk-truhe.com\/index.php\/wp-json\/wp\/v2\/media\/167"}],"wp:attachment":[{"href":"https:\/\/geschenk-truhe.com\/index.php\/wp-json\/wp\/v2\/media?parent=30"}],"wp:term":[{"taxonomy":"category","embeddable":true,"href":"https:\/\/geschenk-truhe.com\/index.php\/wp-json\/wp\/v2\/categories?post=30"},{"taxonomy":"post_tag","embeddable":true,"href":"https:\/\/geschenk-truhe.com\/index.php\/wp-json\/wp\/v2\/tags?post=30"}],"curies":[{"name":"wp","href":"https:\/\/api.w.org\/{rel}","templated":true}]}}